{"id":8,"date":"2025-02-18T13:28:00","date_gmt":"2025-02-18T13:28:00","guid":{"rendered":"http:\/\/istacongress.com\/?page_id=8"},"modified":"2025-05-28T08:02:46","modified_gmt":"2025-05-28T08:02:46","slug":"hakkinda","status":"publish","type":"page","link":"https:\/\/istacongress.com\/en\/hakkinda\/","title":{"rendered":"About"},"content":{"rendered":"<div class=\"wp-block-cover alignfull\" style=\"min-height:320px;aspect-ratio:unset;\"><span aria-hidden=\"true\" class=\"wp-block-cover__background has-nv-site-bg-background-color has-background-dim-100 has-background-dim\"><\/span><div class=\"wp-block-cover__inner-container is-layout-flow wp-block-cover-is-layout-flow\">\n<div class=\"wp-block-group\" style=\"padding-right:var(--wp--preset--spacing--30);padding-left:var(--wp--preset--spacing--30)\"><div class=\"wp-block-group__inner-container is-layout-flow wp-block-group-is-layout-flow\">\n<h1 class=\"wp-block-heading has-text-align-left has-neve-text-color-color has-text-color\">Bilim, Teknoloji ve Sanat Kongresi<\/h1>\n<\/div><\/div>\n<\/div><\/div>\n\n\n\n<div class=\"wp-block-cover alignfull\" style=\"min-height:600px;aspect-ratio:unset;\"><span aria-hidden=\"true\" class=\"wp-block-cover__background has-nv-light-bg-background-color has-background-dim-100 has-background-dim\"><\/span><div class=\"wp-block-cover__inner-container is-layout-flow wp-block-cover-is-layout-flow\">\n<div class=\"wp-block-group\"><div class=\"wp-block-group__inner-container is-layout-flow wp-block-group-is-layout-flow\">\n<div style=\"height:80px\" aria-hidden=\"true\" class=\"wp-block-spacer\"><\/div>\n\n\n\n<div class=\"wp-block-columns are-vertically-aligned-center has-neve-text-color-color has-text-color is-layout-flex wp-container-core-columns-is-layout-9d6595d7 wp-block-columns-is-layout-flex\">\n<div class=\"wp-block-column is-vertically-aligned-center is-layout-flow wp-block-column-is-layout-flow\" style=\"padding-right:var(--wp--preset--spacing--30);padding-left:var(--wp--preset--spacing--30);flex-basis:50%\">\n<figure class=\"wp-block-image size-full has-custom-border\"><img decoding=\"async\" src=\"https:\/\/istacongress.com\/wp-content\/uploads\/2025\/03\/uluslararasi-bilim-teknoloji-ve-sanat-kongresi-afis-scaled-1.jpg\" alt=\"\" class=\"wp-image-43\" style=\"border-radius:16px\"\/><\/figure>\n<\/div>\n\n\n\n<div class=\"wp-block-column is-vertically-aligned-center is-layout-flow wp-block-column-is-layout-flow\" style=\"padding-top:0;padding-right:var(--wp--preset--spacing--30);padding-bottom:0;padding-left:var(--wp--preset--spacing--30);flex-basis:50%\">\n<h2 class=\"wp-block-heading has-neve-text-color-color has-text-color\"><\/h2>\n\n\n\n<p class=\"has-text-align-left has-neve-text-color-color has-text-color\" style=\"text-align: justify;\"><strong>De\u011ferli Kat\u0131l\u0131mc\u0131lar,<\/strong> 2025 y\u0131l\u0131nda Side\/ Antalya da d\u00fczenlenecek olan Uluslararas\u0131 Bilim Teknoloji ve Sanat Kongresi ile farkl\u0131 disiplinlerde yer alan akademisyen ve ara\u015ft\u0131rmac\u0131lar\u0131 bir araya getirmeyi hedeflemektedir. Bilim Teknoloji ve Sanat alanlar\u0131nda yap\u0131lmas\u0131 planlanan kongrenin amac\u0131, ge\u00e7mi\u015ften g\u00fcn\u00fcm\u00fcze bu alanlarda ya\u015fanan geli\u015fmeleri ve problemleri yorumlayarak \u00f6nermeler ortaya koyan, farkl\u0131 disiplinlerde yer alan kat\u0131l\u0131mc\u0131lar\u0131 payla\u015f\u0131ma ve tart\u0131\u015fmaya davet etmektir.<\/p>\n\n\n\n<p class=\"has-text-align-left has-neve-text-color-color has-text-color\" style=\"text-align: justify;\">In addition, the online mixed exhibition with an international jury planned to be held within the scope of the congress aims to bring together works produced in different art fields with art lovers. We are honored to have you among us in this event.<\/p>\n\n\n\n<p class=\"has-neve-text-color-color has-text-color\"><\/p>\n<\/div>\n<\/div>\n\n\n\n<div style=\"height:40px\" aria-hidden=\"true\" class=\"wp-block-spacer\"><\/div>\n<\/div><\/div>\n<\/div><\/div>\n\n\n\n<div class=\"wp-block-cover alignfull\" style=\"min-height:600px;aspect-ratio:unset;\"><span aria-hidden=\"true\" class=\"wp-block-cover__background has-nv-dark-bg-background-color has-background-dim-100 has-background-dim\"><\/span><div class=\"wp-block-cover__inner-container is-layout-flow wp-block-cover-is-layout-flow\">\n<div class=\"wp-block-group\"><div class=\"wp-block-group__inner-container is-layout-flow wp-block-group-is-layout-flow\">\n<div style=\"height:80px\" aria-hidden=\"true\" class=\"wp-block-spacer\"><\/div>\n\n\n\n<div class=\"wp-block-columns are-vertically-aligned-center is-layout-flex wp-container-core-columns-is-layout-9d6595d7 wp-block-columns-is-layout-flex\">\n<div class=\"wp-block-column is-vertically-aligned-center is-layout-flow wp-block-column-is-layout-flow\" style=\"padding-right:var(--wp--preset--spacing--30);padding-left:var(--wp--preset--spacing--30);flex-basis:50%\">\n<h3 class=\"wp-block-heading has-nv-text-dark-bg-color has-text-color\">Kongrede Bulu\u015fma ve Payla\u015f\u0131m Anlar\u0131<\/h3>\n\n\n\n<p class=\"has-nv-text-dark-bg-color has-text-color\">Kat\u0131l\u0131mc\u0131lar bilim, teknoloji ve sanat\u0131n kesi\u015fiminde bir araya gelerek bilgi payla\u015f\u0131m\u0131 yap\u0131yor, yeni fikirler ke\u015ffediyor ve akademik a\u011flar\u0131n\u0131 geni\u015fletiyor. \u0130lham verici tart\u0131\u015fmalar ve etkile\u015fimlerle dolu bu ortam, disiplinler aras\u0131 i\u015f birliklerine de zemin haz\u0131rl\u0131yor.<\/p>\n\n\n\n<div style=\"height:20px\" aria-hidden=\"true\" class=\"wp-block-spacer\"><\/div>\n\n\n\n<div style=\"height:20px\" aria-hidden=\"true\" class=\"wp-block-spacer\"><\/div>\n<\/div>\n\n\n\n<div class=\"wp-block-column is-vertically-aligned-center is-layout-flow wp-block-column-is-layout-flow\" style=\"padding-right:var(--wp--preset--spacing--30);padding-left:var(--wp--preset--spacing--30);flex-basis:50%\">\n<figure class=\"wp-block-image size-full has-custom-border\"><img loading=\"lazy\" decoding=\"async\" width=\"1200\" height=\"1600\" src=\"http:\/\/istacongress.com\/wp-content\/uploads\/2025\/03\/istactoplanti.png\" alt=\"\" class=\"wp-image-50\" style=\"border-radius:16px\" srcset=\"https:\/\/istacongress.com\/wp-content\/uploads\/2025\/03\/istactoplanti.png 1200w, https:\/\/istacongress.com\/wp-content\/uploads\/2025\/03\/istactoplanti-225x300.png 225w, https:\/\/istacongress.com\/wp-content\/uploads\/2025\/03\/istactoplanti-768x1024.png 768w, https:\/\/istacongress.com\/wp-content\/uploads\/2025\/03\/istactoplanti-1152x1536.png 1152w\" sizes=\"auto, (max-width: 1200px) 100vw, 1200px\" \/><\/figure>\n<\/div>\n<\/div>\n\n\n\n<div style=\"height:40px\" aria-hidden=\"true\" class=\"wp-block-spacer\"><\/div>\n<\/div><\/div>\n<\/div><\/div>","protected":false},"excerpt":{"rendered":"","protected":false},"author":1,"featured_media":0,"parent":0,"menu_order":0,"comment_status":"closed","ping_status":"closed","template":"","meta":{"neve_meta_sidebar":"","neve_meta_container":"","neve_meta_enable_content_width":"on","neve_meta_content_width":100,"neve_meta_title_alignment":"","neve_meta_author_avatar":"","neve_post_elements_order":"","neve_meta_disable_header":"","neve_meta_disable_footer":"","neve_meta_disable_title":"on","footnotes":""},"class_list":["post-8","page","type-page","status-publish","hentry"],"_links":{"self":[{"href":"https:\/\/istacongress.com\/en\/wp-json\/wp\/v2\/pages\/8","targetHints":{"allow":["GET"]}}],"collection":[{"href":"https:\/\/istacongress.com\/en\/wp-json\/wp\/v2\/pages"}],"about":[{"href":"https:\/\/istacongress.com\/en\/wp-json\/wp\/v2\/types\/page"}],"author":[{"embeddable":true,"href":"https:\/\/istacongress.com\/en\/wp-json\/wp\/v2\/users\/1"}],"replies":[{"embeddable":true,"href":"https:\/\/istacongress.com\/en\/wp-json\/wp\/v2\/comments?post=8"}],"version-history":[{"count":12,"href":"https:\/\/istacongress.com\/en\/wp-json\/wp\/v2\/pages\/8\/revisions"}],"predecessor-version":[{"id":460,"href":"https:\/\/istacongress.com\/en\/wp-json\/wp\/v2\/pages\/8\/revisions\/460"}],"wp:attachment":[{"href":"https:\/\/istacongress.com\/en\/wp-json\/wp\/v2\/media?parent=8"}],"curies":[{"name":"wp","href":"https:\/\/api.w.org\/{rel}","templated":true}]}}