{"id":148,"date":"2025-04-21T13:12:30","date_gmt":"2025-04-21T13:12:30","guid":{"rendered":"https:\/\/istacongress.com\/?page_id=148"},"modified":"2025-05-05T08:53:06","modified_gmt":"2025-05-05T08:53:06","slug":"yazim-kurallari","status":"publish","type":"page","link":"https:\/\/istacongress.com\/en\/yazim-kurallari\/","title":{"rendered":"Spelling Rules"},"content":{"rendered":"<blockquote class=\"wp-block-quote is-layout-flow wp-block-quote-is-layout-flow\">\n<p><\/p>\n<\/blockquote>\n\n\n\n<blockquote class=\"wp-block-quote is-layout-flow wp-block-quote-is-layout-flow\">\n<p><\/p>\n<\/blockquote>\n\n\n<p><span style=\"color: #ff0000;\">Bildiri \u00f6zetleri ve tam metinler Word format\u0131nda <strong>istac2025@gmail.com<\/strong> adresine g\u00f6nderilmelidir.<\/span><\/p>\n<p>Abstracts and papers should be sent in Word format to <strong>istac2025@gmail.com<\/strong>.<\/p>\n<p>For spelling rules <strong><a href=\"http:\/\/istacongress.com\/wp-content\/uploads\/2025\/05\/ISTAC-YAZIM-KURALLARI.pdf\" target=\"_blank\" rel=\"noopener\">Click here<\/a><\/strong>.<\/p>\n<p><strong>B\u0130LD\u0130R\u0130 YAZIM KURALLARI<\/strong><\/p>\n<p><strong>\u00d6zet<\/strong><\/p>\n<p>Ba\u015fl\u0131k Sayfaya Ortalanm\u0131\u015f, \u0130lk Harfler B\u00fcy\u00fck Olarak, Kal\u0131n, Times New Roman, 14 Punto olmal\u0131d\u0131r. Konu ba\u015fl\u0131\u011f\u0131 ve yazar isminin alt\u0131nda 10 punto iki yana yasl\u0131 Times New Roman yaz\u0131 karakteri ile 250 kelimeyi ge\u00e7meyecek \u015fekilde T\u00fcrk\u00e7e ve \u0130ngilizce \u00f6zet yer almal\u0131d\u0131r. \u0130ngilizce \u00f6zette ba\u015fl\u0131k da belirtilmelidir. Konu ba\u015fl\u0131\u011f\u0131 sayfa ortas\u0131na 14 punto bold, alt\u0131na sa\u011fa dayal\u0131 olarak yazar\u0131n ya da yazarlar\u0131n ad\u0131 12 punto bold yaz\u0131lmal\u0131d\u0131r. Sayfan\u0131n sonunda a\u00e7\u0131klama dipnotu bi\u00e7iminde yazar\u0131n akademik unvan\u0131, kurum ve e-posta adresi yer almal\u0131d\u0131r. Poster bildiri g\u00f6nderecekler i\u00e7in poster \u00f6l\u00e7\u00fcleri 70&#215;100 cm boyutlar\u0131nda olmal\u0131d\u0131r.\u00a0 Anahtar Kelimeler: Times New Roman, 10 punto, virg\u00fcl ile ayr\u0131lm\u0131\u015f.<\/p>\n<p><strong>\u00a0<\/strong><strong>Abstract<\/strong><\/p>\n<p>Title (English) Centered on the Page, First Letters Capitalized, Bold, Times New Roman, 14 Pt. Under the title and author&#8217;s name, there should be a Turkish and English abstract not exceeding 250 words in Times New Roman font, justified at 10 pt. The title should also be stated in the English abstract. The title should be written in bold font, 14 pt., in the center of the page, and the author&#8217;s name or authors&#8217; name should be written in bold font, 12 pt., justified at the bottom. At the end of the page, the author&#8217;s academic title, institution and e-mail address should be included as an explanatory footnote. For those who will send a poster presentation, the poster dimensions should be 70&#215;100 cm.\u00a0 Keywords: Times New Roman, 10 pt., separated by commas.<\/p>\n<p><strong>B\u0130LD\u0130R\u0130 METN\u0130<\/strong><\/p>\n<p>Metin; Giri\u015f, \u00c7al\u0131\u015fma Alan\u0131, Materyal ve Y\u00f6ntem, Bulgular ve Tart\u0131\u015fma, Sonu\u00e7lar, Katk\u0131 ve Kaynak\u00e7a b\u00f6l\u00fcmlerinden olu\u015fmal\u0131d\u0131r. Alt ba\u015fl\u0131klar Times New Roman 12pt, Koyu olmal\u0131d\u0131r. Ana Metin: Times New Roman 12pt, normal olarak yaz\u0131lmal\u0131d\u0131r.<\/p>\n<p>\u015eekiller (grafik, harita, foto\u011fraf vb.) JPEG veya TIFF format\u0131nda en az 300 DPI \u00e7\u00f6z\u00fcn\u00fcrl\u00fckte olmal\u0131, A4 sayfa boyutuna uygun olarak d\u00fczenlenmelidir.<\/p>\n<p>\u015eekil ve tablo a\u00e7\u0131klamalar\u0131 TNR 11pt olmal\u0131d\u0131r.<\/p>\n<p>\u015eekillerin metin dosyas\u0131nda yer almamal\u0131, alt yaz\u0131lar\u0131 (a\u00e7\u0131klama) olmal\u0131d\u0131r.<\/p>\n<p><u>Referanslar<\/u> APA format\u0131na g\u00f6re yaz\u0131lmal\u0131d\u0131r.<\/p>\n<p>Kenar Bo\u015fluklar\u0131 \u00dcst : 2,5 cm Alt : 2,5 cm Sol : 2,5 cm Sa\u011f : 2,5 cm Cilt Pay\u0131 : 0 cm<\/p>\n<p><strong>PAPER TEXT<\/strong><\/p>\n<p>The text should consist of Introduction, Field of Study, Material and Method, Findings and Discussion, Results, Contribution and References sections. Subheadings should be Times New Roman 12pt, Bold. Main Text: Times New Roman 12pt, should be written normally.<\/p>\n<p>Figures (graphics, maps, photographs, etc.) should be in JPEG or TIFF format with a resolution of at least 300 DPI and should be arranged in accordance with A4 page size.<\/p>\n<p>Figure and table descriptions should be TNR 11pt.<\/p>\n<p>Figures should not be included in the text file, they should have subtitles (descriptions).<\/p>\n<p>References should be written according to APA format.<\/p>\n<p>Margins Top: 2.5 cm Bottom: 2.5 cm Left: 2.5 cm Right: 2.5 cm Gutter: 0 cm<\/p>\n<p><strong>BOOK CHAPTER FULL TEXT WRITING RULES<\/strong><\/p>\n<ul>\n<li>Full texts will not be corrected by the boards. Therefore, authors are responsible for spelling and semantic errors.<\/li>\n<li>Manuscripts submitted for the Book Chapter must not have been previously presented or published elsewhere.<\/li>\n<li>Full texts should be prepared as a Word file, in 12 point font, Times New Roman, justified, single-spaced.<\/li>\n<li>The page should be prepared in A4 size, leaving 2.5 cm margins from left, right, top and bottom.<\/li>\n<li>Line breaks in paragraphs should be indented 1 cm.<\/li>\n<li>Tables and figures should be numbered consecutively within the text. The font size of tables, footnotes and sources used should be 10.<\/li>\n<li>First-degree section headings should be written in capital letters and in bold, and in second-degree and other sub-section headings, the first letter of each word should be written in capital letters and in bold.<\/li>\n<li>APA format should be used for citations and references within the text, and all sources used should be listed in alphabetical order according to the author's surname in the bibliography section at the end of the text.<\/li>\n<li>Book Chapters must be at least 10 and at most 20 pages long, including the text, tables, visuals, figures, maps, graphics, sources and appendices.<\/li>\n<\/ul>\n<p><span style=\"color: #ff0000;\"><strong>NOTES: <u>There will be no summaries in full text books.<\/u><\/strong><\/span><\/p>\n\n\n<p><\/p>","protected":false},"excerpt":{"rendered":"<p>Bildiri \u00f6zetleri ve tam metinler Word format\u0131nda istac2025@gmail.com adresine g\u00f6nderilmelidir. Abstracts and papers should be sent in Word format to istac2025@gmail.com. Yaz\u0131m kurallar\u0131 i\u00e7in t\u0131klay\u0131n\u0131z. B\u0130LD\u0130R\u0130 YAZIM KURALLARI \u00d6zet Ba\u015fl\u0131k Sayfaya Ortalanm\u0131\u015f, \u0130lk Harfler B\u00fcy\u00fck Olarak, Kal\u0131n, Times New Roman, 14 Punto olmal\u0131d\u0131r. Konu ba\u015fl\u0131\u011f\u0131 ve yazar isminin alt\u0131nda 10 punto iki yana yasl\u0131 Times&hellip;&nbsp;<a href=\"https:\/\/istacongress.com\/en\/yazim-kurallari\/\" rel=\"bookmark\">Read More &raquo;<span class=\"screen-reader-text\">Spelling Rules<\/span><\/a><\/p>","protected":false},"author":1,"featured_media":0,"parent":0,"menu_order":0,"comment_status":"closed","ping_status":"closed","template":"","meta":{"neve_meta_sidebar":"","neve_meta_container":"","neve_meta_enable_content_width":"","neve_meta_content_width":0,"neve_meta_title_alignment":"","neve_meta_author_avatar":"","neve_post_elements_order":"","neve_meta_disable_header":"","neve_meta_disable_footer":"","neve_meta_disable_title":"","footnotes":""},"class_list":["post-148","page","type-page","status-publish","hentry"],"_links":{"self":[{"href":"https:\/\/istacongress.com\/en\/wp-json\/wp\/v2\/pages\/148","targetHints":{"allow":["GET"]}}],"collection":[{"href":"https:\/\/istacongress.com\/en\/wp-json\/wp\/v2\/pages"}],"about":[{"href":"https:\/\/istacongress.com\/en\/wp-json\/wp\/v2\/types\/page"}],"author":[{"embeddable":true,"href":"https:\/\/istacongress.com\/en\/wp-json\/wp\/v2\/users\/1"}],"replies":[{"embeddable":true,"href":"https:\/\/istacongress.com\/en\/wp-json\/wp\/v2\/comments?post=148"}],"version-history":[{"count":8,"href":"https:\/\/istacongress.com\/en\/wp-json\/wp\/v2\/pages\/148\/revisions"}],"predecessor-version":[{"id":378,"href":"https:\/\/istacongress.com\/en\/wp-json\/wp\/v2\/pages\/148\/revisions\/378"}],"wp:attachment":[{"href":"https:\/\/istacongress.com\/en\/wp-json\/wp\/v2\/media?parent=148"}],"curies":[{"name":"wp","href":"https:\/\/api.w.org\/{rel}","templated":true}]}}