{"id":118,"date":"2025-03-27T12:41:14","date_gmt":"2025-03-27T12:41:14","guid":{"rendered":"https:\/\/istacongress.com\/?page_id=118"},"modified":"2025-05-12T11:37:49","modified_gmt":"2025-05-12T11:37:49","slug":"sempozyum-konulari","status":"publish","type":"page","link":"https:\/\/istacongress.com\/en\/sempozyum-konulari\/","title":{"rendered":"Sempozyum Konular\u0131"},"content":{"rendered":"<p><img loading=\"lazy\" decoding=\"async\" class=\"alignnone wp-image-135 size-full\" src=\"http:\/\/istacongress.com\/wp-content\/uploads\/2025\/04\/sempozyum-konu-basliklari.png\" alt=\"\" width=\"2386\" height=\"745\" srcset=\"https:\/\/istacongress.com\/wp-content\/uploads\/2025\/04\/sempozyum-konu-basliklari.png 2386w, https:\/\/istacongress.com\/wp-content\/uploads\/2025\/04\/sempozyum-konu-basliklari-300x94.png 300w, https:\/\/istacongress.com\/wp-content\/uploads\/2025\/04\/sempozyum-konu-basliklari-1024x320.png 1024w, https:\/\/istacongress.com\/wp-content\/uploads\/2025\/04\/sempozyum-konu-basliklari-768x240.png 768w, https:\/\/istacongress.com\/wp-content\/uploads\/2025\/04\/sempozyum-konu-basliklari-1536x480.png 1536w, https:\/\/istacongress.com\/wp-content\/uploads\/2025\/04\/sempozyum-konu-basliklari-2048x639.png 2048w\" sizes=\"auto, (max-width: 2386px) 100vw, 2386px\" \/><\/p>\n<p>\u00a0<\/p>\n\n<ul>\n<li><strong>G\u00fczel Sanatlar<\/strong><\/li>\n<li><strong>E\u011fitim Bilimleri<\/strong><\/li>\n<li><strong>Mimarl\u0131k ve Tasar\u0131m<\/strong><\/li>\n<li><strong>G\u00f6rsel \u0130leti\u015fim Tasar\u0131m\u0131<\/strong><\/li>\n<li><strong>End\u00fcstri \u00dcr\u00fcnleri Tasar\u0131m<\/strong><\/li>\n<li><strong>\u00c7evre ve Mek\u00e2n Tasar\u0131m\u0131<\/strong><\/li>\n<li><strong>Tasar\u0131m ve Yeni Aray\u0131\u015flar<\/strong><\/li>\n<li><strong>M\u00fchendislik Bilimleri<\/strong><\/li>\n<li><strong>Ziraat ve Do\u011fa Bilimleri<\/strong><\/li>\n<li><strong>Fen Bilimleri<\/strong><\/li>\n<li><strong>Sa\u011fl\u0131k Bilimleri<\/strong><\/li>\n<li><strong>Sivil ve Havac\u0131l\u0131k Bilimleri<\/strong><\/li>\n<li><strong>Su \u00dcr\u00fcnleri<\/strong><\/li>\n<li><strong>Sosyal ve Be\u015feri Bilimleri<\/strong><\/li>\n<li><strong>Veterinerlik<\/strong><\/li>\n<li><strong>At\u00e7\u0131l\u0131k Bilimi<\/strong><\/li>\n<\/ul>\n\n<\/p>\n<p>&nbsp;<\/p>\n\n\n<div class=\"wp-block-cover alignfull\" style=\"padding-right:0;padding-left:0;min-height:300px;aspect-ratio:unset;\"><span aria-hidden=\"true\" class=\"wp-block-cover__background has-nv-dark-bg-background-color has-background-dim-100 has-background-dim\"><\/span><div class=\"wp-block-cover__inner-container is-layout-flow wp-block-cover-is-layout-flow\">\n<div class=\"wp-block-columns is-layout-flex wp-container-core-columns-is-layout-9d6595d7 wp-block-columns-is-layout-flex\">\n<div class=\"wp-block-column is-layout-flow wp-block-column-is-layout-flow\" style=\"flex-basis:20%\"><\/div>\n\n\n\n<div class=\"wp-block-column is-layout-flow wp-block-column-is-layout-flow\" style=\"flex-basis:60%\">\n<div class=\"wp-block-group\" style=\"padding-right:var(--wp--preset--spacing--30);padding-left:var(--wp--preset--spacing--30)\"><div class=\"wp-block-group__inner-container is-layout-constrained wp-container-core-group-is-layout-a68114f4 wp-block-group-is-layout-constrained\">\n<div style=\"height:80px\" aria-hidden=\"true\" class=\"wp-block-spacer\"><\/div>\n\n\n<div class=\"wp-block-image is-style-rounded\">\n<figure class=\"aligncenter size-full is-resized\"><img loading=\"lazy\" decoding=\"async\" width=\"512\" height=\"512\" src=\"http:\/\/istacongress.com\/wp-content\/uploads\/2025\/02\/cropped-DALL\u00b7E-2025-02-18-16.26.05-A-modern-professional-logo-for-an-international-congress-titled-International-Science-Technology-and-Art-Congress.-The-design-should-incorporate-1-1.webp\" alt=\"\" class=\"wp-image-91\" style=\"width:80px;height:80px\" srcset=\"https:\/\/istacongress.com\/wp-content\/uploads\/2025\/02\/cropped-DALL\u00b7E-2025-02-18-16.26.05-A-modern-professional-logo-for-an-international-congress-titled-International-Science-Technology-and-Art-Congress.-The-design-should-incorporate-1-1.webp 512w, https:\/\/istacongress.com\/wp-content\/uploads\/2025\/02\/cropped-DALL\u00b7E-2025-02-18-16.26.05-A-modern-professional-logo-for-an-international-congress-titled-International-Science-Technology-and-Art-Congress.-The-design-should-incorporate-1-1-300x300.webp 300w, https:\/\/istacongress.com\/wp-content\/uploads\/2025\/02\/cropped-DALL\u00b7E-2025-02-18-16.26.05-A-modern-professional-logo-for-an-international-congress-titled-International-Science-Technology-and-Art-Congress.-The-design-should-incorporate-1-1-150x150.webp 150w, https:\/\/istacongress.com\/wp-content\/uploads\/2025\/02\/cropped-DALL\u00b7E-2025-02-18-16.26.05-A-modern-professional-logo-for-an-international-congress-titled-International-Science-Technology-and-Art-Congress.-The-design-should-incorporate-1-1-270x270.webp 270w, https:\/\/istacongress.com\/wp-content\/uploads\/2025\/02\/cropped-DALL\u00b7E-2025-02-18-16.26.05-A-modern-professional-logo-for-an-international-congress-titled-International-Science-Technology-and-Art-Congress.-The-design-should-incorporate-1-1-192x192.webp 192w, https:\/\/istacongress.com\/wp-content\/uploads\/2025\/02\/cropped-DALL\u00b7E-2025-02-18-16.26.05-A-modern-professional-logo-for-an-international-congress-titled-International-Science-Technology-and-Art-Congress.-The-design-should-incorporate-1-1-180x180.webp 180w, https:\/\/istacongress.com\/wp-content\/uploads\/2025\/02\/cropped-DALL\u00b7E-2025-02-18-16.26.05-A-modern-professional-logo-for-an-international-congress-titled-International-Science-Technology-and-Art-Congress.-The-design-should-incorporate-1-1-32x32.webp 32w\" sizes=\"auto, (max-width: 512px) 100vw, 512px\" \/><\/figure>\n<\/div>\n\n\n<div style=\"height:24px\" aria-hidden=\"true\" class=\"wp-block-spacer\"><\/div>\n\n\n\n<p class=\"has-text-align-center has-nv-text-dark-bg-color has-text-color\">Please follow the congress dates!<\/p>\n\n\n\n<p class=\"has-text-align-center has-nv-text-dark-bg-color has-text-color has-small-font-size\"><strong><strong>CONGRESS ORGANIZING COMMITTEE<\/strong><\/strong><\/p>\n\n\n\n<div style=\"height:40px\" aria-hidden=\"true\" class=\"wp-block-spacer\"><\/div>\n<\/div><\/div>\n<\/div>\n\n\n\n<div class=\"wp-block-column is-layout-flow wp-block-column-is-layout-flow\" style=\"flex-basis:20%\"><\/div>\n<\/div>\n<\/div><\/div>\n\n\n\n<p><\/p>","protected":false},"excerpt":{"rendered":"<p>\u00a0 G\u00fczel Sanatlar E\u011fitim Bilimleri Mimarl\u0131k ve Tasar\u0131m G\u00f6rsel \u0130leti\u015fim Tasar\u0131m\u0131 End\u00fcstri \u00dcr\u00fcnleri Tasar\u0131m \u00c7evre ve Mek\u00e2n Tasar\u0131m\u0131 Tasar\u0131m ve Yeni Aray\u0131\u015flar M\u00fchendislik Bilimleri Ziraat ve Do\u011fa Bilimleri Fen Bilimleri Sa\u011fl\u0131k Bilimleri Sivil ve Havac\u0131l\u0131k Bilimleri Su \u00dcr\u00fcnleri Sosyal ve Be\u015feri Bilimleri Veterinerlik At\u00e7\u0131l\u0131k Bilimi &nbsp;<\/p>","protected":false},"author":1,"featured_media":0,"parent":0,"menu_order":0,"comment_status":"closed","ping_status":"closed","template":"","meta":{"neve_meta_sidebar":"","neve_meta_container":"","neve_meta_enable_content_width":"on","neve_meta_content_width":100,"neve_meta_title_alignment":"","neve_meta_author_avatar":"","neve_post_elements_order":"","neve_meta_disable_header":"","neve_meta_disable_footer":"","neve_meta_disable_title":"on","footnotes":""},"class_list":["post-118","page","type-page","status-publish","hentry"],"_links":{"self":[{"href":"https:\/\/istacongress.com\/en\/wp-json\/wp\/v2\/pages\/118","targetHints":{"allow":["GET"]}}],"collection":[{"href":"https:\/\/istacongress.com\/en\/wp-json\/wp\/v2\/pages"}],"about":[{"href":"https:\/\/istacongress.com\/en\/wp-json\/wp\/v2\/types\/page"}],"author":[{"embeddable":true,"href":"https:\/\/istacongress.com\/en\/wp-json\/wp\/v2\/users\/1"}],"replies":[{"embeddable":true,"href":"https:\/\/istacongress.com\/en\/wp-json\/wp\/v2\/comments?post=118"}],"version-history":[{"count":15,"href":"https:\/\/istacongress.com\/en\/wp-json\/wp\/v2\/pages\/118\/revisions"}],"predecessor-version":[{"id":415,"href":"https:\/\/istacongress.com\/en\/wp-json\/wp\/v2\/pages\/118\/revisions\/415"}],"wp:attachment":[{"href":"https:\/\/istacongress.com\/en\/wp-json\/wp\/v2\/media?parent=118"}],"curies":[{"name":"wp","href":"https:\/\/api.w.org\/{rel}","templated":true}]}}