{"id":11,"date":"2025-02-18T13:28:00","date_gmt":"2025-02-18T13:28:00","guid":{"rendered":"http:\/\/istacongress.com\/?page_id=11"},"modified":"2025-09-17T12:15:50","modified_gmt":"2025-09-17T12:15:50","slug":"kayit-ve-konaklama","status":"publish","type":"page","link":"https:\/\/istacongress.com\/en\/kayit-ve-konaklama\/","title":{"rendered":"Registration and Accommodation"},"content":{"rendered":"<div class=\"wp-block-cover alignfull\" style=\"min-height:320px;aspect-ratio:unset;\"><span aria-hidden=\"true\" class=\"wp-block-cover__background has-nv-site-bg-background-color has-background-dim-100 has-background-dim\"><\/span><div class=\"wp-block-cover__inner-container is-layout-flow wp-block-cover-is-layout-flow\">\n<div class=\"wp-block-group\" style=\"padding-right:var(--wp--preset--spacing--30);padding-left:var(--wp--preset--spacing--30)\"><div class=\"wp-block-group__inner-container is-layout-flow wp-block-group-is-layout-flow\">\n<div class=\"wp-block-columns are-vertically-aligned-center is-layout-flex wp-container-core-columns-is-layout-9d6595d7 wp-block-columns-is-layout-flex\">\n<div class=\"wp-block-column is-vertically-aligned-center is-layout-flow wp-block-column-is-layout-flow\" style=\"flex-basis:70%\">\n<div style=\"height:24px\" aria-hidden=\"true\" class=\"wp-block-spacer\"><\/div>\n\n\n\n<h1 class=\"wp-block-heading has-text-align-left has-neve-text-color-color has-text-color\">Registration and Accommodation<\/h1>\n\n\n\n<p class=\"has-neve-text-color-color has-text-color\" style=\"font-size:22px\"><\/p>\n\n\n\n<p><span style=\"color: #000000;\"><strong>SERG\u0130 KAYIT<\/strong><\/span><\/p>\n<p><span style=\"color: #000000;\">Sergi kay\u0131t formu i\u00e7in <strong><a style=\"color: #000000;\" href=\"http:\/\/istacongress.com\/wp-content\/uploads\/2025\/09\/Sergi-Basvuru-Formu-1.pdf\" target=\"_blank\" rel=\"noopener\">Click here<\/a><\/strong>.<\/span><\/p>\n<p><span style=\"color: #000000;\"><strong>KAYIT ve \u00dcCRET B\u0130LG\u0130S\u0130<\/strong><\/span><\/p>\n<table width=\"616\">\n<tbody>\n<tr>\n<td width=\"512\">\n<p><span style=\"color: #000000;\">Kongre Kat\u0131l\u0131m Bedeli (Poster, Online ya da S\u00f6zl\u00fc Bildiri)<\/span><\/p>\n<\/td>\n<td>\n<p><span style=\"color: #993300;\">1.700 TL<\/span><\/p>\n<\/td>\n<\/tr>\n<tr>\n<td width=\"512\">\n<p><span style=\"color: #000000;\">Sergi Kat\u0131l\u0131m Bedeli<\/span><\/p>\n<\/td>\n<td>\n<p><span style=\"color: #993300;\">400 TL<\/span><\/p>\n<\/td>\n<\/tr>\n<tr>\n<td width=\"512\">\n<p><span style=\"color: #000000;\">Kongre + Sergi Kat\u0131l\u0131m Bedeli<\/span><\/p>\n<\/td>\n<td>\n<p><span style=\"color: #993300;\">1.700 TL<\/span><\/p>\n<\/td>\n<\/tr>\n<\/tbody>\n<\/table>\n<p><span style=\"color: #000000;\"><strong>\u00a0<\/strong><\/span><\/p>\n<ul>\n<li><span style=\"color: #000000;\"><strong>El Sanatlar\u0131 Derne\u011fi \u00dcyeleri i\u00e7in<\/strong>; Kongre kat\u0131l\u0131m bedeli <span style=\"color: #993300;\">1.300 TL<\/span>, Sergi kat\u0131l\u0131m bedeli<span style=\"color: #993300;\"> 200 TL<\/span>\u2019 dir. Kongreye bildiri ile kat\u0131lacak dernek \u00fcyelerinden ayr\u0131ca sergi kat\u0131l\u0131m bedeli talep edilmeyecektir.<\/span><\/li>\n<li><span style=\"color: #000000;\">Kayd\u0131n\u0131z\u0131n onaylanmas\u0131 i\u00e7in \u00f6demenizi ger\u00e7ekle\u015ftirdikten sonra dekontunuzu l\u00fctfen <a style=\"color: #000000;\" href=\"mailto:istac2025@gmail.com\"><strong>istac2025@gmail.com<\/strong><\/a> adresine g\u00f6nderiniz.<\/span><\/li>\n<li><span style=\"color: #000000;\">Kongre bildiri ve poster ba\u015fvurular\u0131 <a style=\"color: #000000;\" href=\"mailto:istac2025@gmail.com\"><strong>istac2025@gmail.com<\/strong><\/a> adresine yap\u0131lacakt\u0131r.<\/span><\/li>\n<li><span style=\"color: #000000;\">Sergi ba\u015fvurular\u0131 <a style=\"color: #000000;\" href=\"mailto:sergielsander@gmail.com\"><strong>sergielsander@gmail.com<\/strong><\/a> adresine yap\u0131lacakt\u0131r.<\/span><\/li>\n<\/ul>\n<p><span style=\"color: #000000;\"><strong>\u00a0<\/strong><\/span><span style=\"color: #000000;\"><strong>Kay\u0131t \u00dccretine Dahil Hizmetler<\/strong><\/span><\/p>\n<ul>\n<li><span style=\"color: #000000;\">A\u00e7\u0131l\u0131\u015f Kokteyli\u00a0<\/span><\/li>\n<li><span style=\"color: #000000;\">Oturum Aras\u0131 \u0130kramlar<\/span><\/li>\n<li><span style=\"color: #000000;\">Kongreye bildiri ile kat\u0131lacaklar i\u00e7in; Kat\u0131l\u0131m Belgesi, \u00c7anta, Kongre \u00d6zet Metin E-kitap, Program Kitap\u00e7\u0131\u011f\u0131, Yaka kart\u0131<\/span><\/li>\n<li><span style=\"color: #000000;\">Sergiye kat\u0131lacaklar i\u00e7in; Yaka Kart\u0131, E-Kat\u0131l\u0131m Belgesi, E-Katalog<\/span><\/li>\n<li><span style=\"color: #000000;\">Talep edildi\u011fi takdirde tam metinler Uluslararas\u0131 yay\u0131nevinde E- kitap b\u00f6l\u00fcm\u00fc olarak yay\u0131mlanacakt\u0131r.<\/span><\/li>\n<\/ul>\n<p><span style=\"color: #000000;\"><strong>\u00a0G\u00fcn\u00fcbirlik Kat\u0131l\u0131mc\u0131lar i\u00e7in Kay\u0131t \u00dccretine Dahil Hizmetler<\/strong><\/span><\/p>\n<ul>\n<li><span style=\"color: #000000;\">A\u00e7\u0131l\u0131\u015f Kokteyli\u00a0<\/span><\/li>\n<li><span style=\"color: #000000;\">Oturum Aras\u0131 \u0130kramlar<\/span><\/li>\n<li><span style=\"color: #000000;\">Kongreye bildiri ile kat\u0131lacaklar i\u00e7in; Kat\u0131l\u0131m Belgesi, \u00c7anta, Kongre \u00d6zet Metin E-kitap, Program Kitap\u00e7\u0131\u011f\u0131, Yaka kart\u0131<\/span><\/li>\n<li><span style=\"color: #000000;\">Sergiye kat\u0131lacaklar i\u00e7in; Yaka Kart\u0131, E- Kat\u0131l\u0131m Belgesi, E-Katalog<\/span><\/li>\n<\/ul>\n<p><span style=\"color: #000000;\"><strong>\u00a0\u00a0\u00a0\u00a0BANKA HESAP B\u0130LG\u0130LER\u0130<\/strong><\/span><\/p>\n<table width=\"698\">\n<tbody>\n<tr>\n<td width=\"80\">\n<p><span style=\"color: #000000;\"><strong>BANKA ADI<\/strong><\/span><\/p>\n<\/td>\n<td>\n<p><span style=\"color: #000000;\">Garanti Bankas\u0131<\/span><\/p>\n<\/td>\n<\/tr>\n<tr>\n<td>\n<p><span style=\"color: #000000;\"><strong>HESAP ADI<\/strong><\/span><\/p>\n<\/td>\n<td>\n<p><span style=\"color: #000000;\">NEWS TOUR TUR\u0130ZM TA\u015eIMACILIK ORG. YAT\u00c7ILIK T\u0130C. VE SAN. LTD. \u015eT\u0130.<\/span><\/p>\n<\/td>\n<\/tr>\n<tr>\n<td>\n<p><span style=\"color: #000000;\"><strong>\u0130BAN<\/strong><\/span><\/p>\n<\/td>\n<td>\n<p><span style=\"color: #000000;\">TR33 0006 2000 7430 0006 2990 84<\/span><\/p>\n<\/td>\n<\/tr>\n<\/tbody>\n<\/table>\n<p><span style=\"color: #000000;\"><strong>\u00a0<\/strong><\/span><\/p>\n<p><span style=\"color: #000000;\"><strong>\u00a0<\/strong><\/span><\/p>\n<p><span style=\"color: #000000;\"><strong>ULA\u015eIM ve KONAKLAMA<\/strong><\/span><\/p>\n<table width=\"605\">\n<tbody>\n<tr>\n<td width=\"120\">\n<p><span style=\"color: #000000;\"><strong>Konaklama Yeri<\/strong><\/span><\/p>\n<\/td>\n<td width=\"164\">\n<p><span style=\"color: #000000;\"><strong>Konaklama Adres<\/strong><\/span><\/p>\n<\/td>\n<td width=\"106\">\n<p><span style=\"color: #000000;\"><strong>Konaklama \u0130leti\u015fim<\/strong><\/span><\/p>\n<\/td>\n<td width=\"215\">\n<p><span style=\"color: #000000;\"><strong>Fiyat (Ultra Her \u015fey Dahil )<\/strong><\/span><\/p>\n<\/td>\n<\/tr>\n<tr>\n<td rowspan=\"6\" width=\"120\">\n<p><span style=\"color: #000000;\"><strong>Riolavitas Resort &amp; Spa Hotel<\/strong><\/span><\/p>\n<\/td>\n<td rowspan=\"6\" width=\"164\">\n<p><span style=\"color: #000000;\">Sorgun Mahallesi Titreyen G\u00f6l Mevkii K\u00fcmeevleri No : 35\/1 Manavgat\/Antalya<\/span><\/p>\n<\/td>\n<td rowspan=\"6\" width=\"106\">\n<p><span style=\"color: #000000;\"><strong>0 533 3251341<\/strong><\/span><\/p>\n<\/td>\n<td width=\"215\">\n<p><span style=\"color: #000000;\"><strong>Tek Ki\u015fi Konaklama:<\/strong>\u00a0<span style=\"color: #993300;\">100 EU<\/span><\/span><\/p>\n<\/td>\n<\/tr>\n<tr>\n<td width=\"215\">\n<p><span style=\"color: #000000;\"><strong>\u0130ki Ki\u015filik Odada Ki\u015fi Ba\u015f\u0131 Konaklama:<\/strong>\u00a0<span style=\"color: #993300;\">65 EU<\/span><\/span><\/p>\n<\/td>\n<\/tr>\n<tr>\n<td width=\"215\">\n<p><span style=\"color: #000000;\"><strong>\u00dc\u00e7 ki\u015filik Odada Ki\u015fi Ba\u015f\u0131 Konaklama:<\/strong>\u00a0<span style=\"color: #993300;\">60 EU<\/span><\/span><\/p>\n<\/td>\n<\/tr>\n<tr>\n<td width=\"215\">\n<p><span style=\"color: #000000;\"><strong>G\u00fcn\u00fcbirlik Kat\u0131l\u0131m \u00dccreti:<\/strong> <span style=\"color: #993300;\">50 EU<\/span><\/span><\/p>\n<\/td>\n<\/tr>\n<tr>\n<td width=\"215\">\n<p><span style=\"color: #000000;\"><strong>1. \u00c7ocuk 0-11,99: <span style=\"color: #993300;\">\u00dccretsiz<\/span>;<\/strong><\/span><\/p>\n<\/td>\n<\/tr>\n<tr>\n<td width=\"215\">\n<p><span style=\"color: #000000;\"><strong>2. \u00c7ocuk 0-11,99:\u00a0 <span style=\"color: #993300;\">%30 indirimli<\/span><\/strong><\/span><\/p>\n<\/td>\n<\/tr>\n<\/tbody>\n<\/table>\n<p><span style=\"color: #000000;\">Not: Konaklama \u00fccreti tek gecelik fiyatt\u0131r.<\/span><\/p>\n<p><span style=\"color: #000000;\"><strong>\u00a0<\/strong><\/span><\/p>\n<p><span style=\"color: #000000;\"><strong>KONGRE \u0130LET\u0130\u015e\u0130M B\u0130LG\u0130LER\u0130<\/strong><\/span><\/p>\n<p><span style=\"color: #800000;\"><strong>Konaklama \u0130\u00e7in: <\/strong><\/span><\/p>\n<p><span style=\"color: #000000;\"><strong>G\u00fclay \u00dcNAL<\/strong><\/span><\/p>\n<p><span style=\"color: #000000;\"><strong>E Posta Adresi:<\/strong> g_unall@hotmail.com.<\/span><\/p>\n<p><span style=\"color: #000000;\"><strong>Telefon: 05333251341<\/strong><\/span><\/p>\n<p><span style=\"color: #800000;\"><strong>Genel Koordinat\u00f6r:<\/strong><\/span><\/p>\n<p><span style=\"color: #000000;\"><strong>Prof Dr. A.Engin \u00d6Z\u00c7EL\u0130K<\/strong><\/span><\/p>\n<p><span style=\"color: #000000;\"><strong>\u0130leti\u015fim: 05058587191<\/strong><\/span><\/p>\n<p><span style=\"color: #000000;\"><strong>Dr. Mitat Kandemir<\/strong><\/span><\/p>\n<p><span style=\"color: #000000;\"><strong>\u0130leti\u015fim: 05324863967<\/strong><\/span><\/p>\n<p><span style=\"color: #993300;\"><strong>Kongre Web Sayfas\u0131:<\/strong><\/span><\/p>\n<p><span style=\"color: #000000;\"><a style=\"color: #000000;\" href=\"https:\/\/istacongress.com\/en\/\"><strong>https:\/\/istacongress.com\/<\/strong><\/a><\/span><\/p>\n<\/div>\n\n\n\n<div class=\"wp-block-column is-vertically-aligned-center is-layout-flow wp-block-column-is-layout-flow\" style=\"flex-basis:30%\"><\/div>\n<\/div>\n<\/div><\/div>\n<\/div><\/div>\n\n\n\n<div class=\"wp-block-cover alignfull\" style=\"min-height:600px;aspect-ratio:unset;\"><span aria-hidden=\"true\" class=\"wp-block-cover__background has-nv-light-bg-background-color has-background-dim-100 has-background-dim\"><\/span><div class=\"wp-block-cover__inner-container is-layout-flow wp-block-cover-is-layout-flow\">\n<div class=\"wp-block-group\"><div class=\"wp-block-group__inner-container is-layout-flow wp-block-group-is-layout-flow\">\n<figure class=\"wp-block-gallery has-nested-images columns-default is-cropped wp-block-gallery-2 is-layout-flex wp-block-gallery-is-layout-flex\">\n<figure class=\"wp-block-image size-large wp-duotone-unset-1\"><img loading=\"lazy\" decoding=\"async\" width=\"1024\" height=\"683\" data-id=\"405\" src=\"https:\/\/istacongress.com\/wp-content\/uploads\/2025\/05\/ff6dc84fefa9a11ccb916238d44fc6a4-thumb-1200x800-crop-1024x683.jpg\" alt=\"\" class=\"wp-image-405\" srcset=\"https:\/\/istacongress.com\/wp-content\/uploads\/2025\/05\/ff6dc84fefa9a11ccb916238d44fc6a4-thumb-1200x800-crop-1024x683.jpg 1024w, https:\/\/istacongress.com\/wp-content\/uploads\/2025\/05\/ff6dc84fefa9a11ccb916238d44fc6a4-thumb-1200x800-crop-300x200.jpg 300w, https:\/\/istacongress.com\/wp-content\/uploads\/2025\/05\/ff6dc84fefa9a11ccb916238d44fc6a4-thumb-1200x800-crop-768x512.jpg 768w, https:\/\/istacongress.com\/wp-content\/uploads\/2025\/05\/ff6dc84fefa9a11ccb916238d44fc6a4-thumb-1200x800-crop-930x620.jpg 930w, https:\/\/istacongress.com\/wp-content\/uploads\/2025\/05\/ff6dc84fefa9a11ccb916238d44fc6a4-thumb-1200x800-crop.jpg 1200w\" sizes=\"auto, (max-width: 1024px) 100vw, 1024px\" \/><\/figure>\n<\/figure>\n\n\n\n<div class=\"wp-block-columns is-layout-flex wp-container-core-columns-is-layout-9d6595d7 wp-block-columns-is-layout-flex\">\n<div class=\"wp-block-column is-layout-flow wp-block-column-is-layout-flow\" style=\"padding-right:var(--wp--preset--spacing--30);padding-left:var(--wp--preset--spacing--30);flex-basis:67%\">\n<div class=\"wp-block-buttons has-custom-font-size has-small-font-size is-content-justification-left is-layout-flex wp-container-core-buttons-is-layout-fdcfc74e wp-block-buttons-is-layout-flex\"><\/div>\n\n\n\n<div style=\"height:24px\" aria-hidden=\"true\" class=\"wp-block-spacer\"><\/div>\n\n\n\n<div style=\"height:24px\" aria-hidden=\"true\" class=\"wp-block-spacer\"><\/div>\n\n\n\n<div style=\"height:24px\" aria-hidden=\"true\" class=\"wp-block-spacer\"><\/div>\n<\/div>\n\n\n\n<div class=\"wp-block-column is-layout-flow wp-block-column-is-layout-flow\" style=\"padding-right:var(--wp--preset--spacing--30);padding-left:var(--wp--preset--spacing--30);flex-basis:34%\">\n<div style=\"height:24px\" aria-hidden=\"true\" class=\"wp-block-spacer\"><\/div>\n<\/div>\n<\/div>\n\n\n\n<div style=\"height:40px\" aria-hidden=\"true\" class=\"wp-block-spacer\"><\/div>\n<\/div><\/div>\n<\/div><\/div>","protected":false},"excerpt":{"rendered":"","protected":false},"author":1,"featured_media":0,"parent":0,"menu_order":0,"comment_status":"closed","ping_status":"closed","template":"","meta":{"neve_meta_sidebar":"","neve_meta_container":"","neve_meta_enable_content_width":"on","neve_meta_content_width":100,"neve_meta_title_alignment":"","neve_meta_author_avatar":"","neve_post_elements_order":"","neve_meta_disable_header":"","neve_meta_disable_footer":"","neve_meta_disable_title":"on","footnotes":""},"class_list":["post-11","page","type-page","status-publish","hentry"],"_links":{"self":[{"href":"https:\/\/istacongress.com\/en\/wp-json\/wp\/v2\/pages\/11","targetHints":{"allow":["GET"]}}],"collection":[{"href":"https:\/\/istacongress.com\/en\/wp-json\/wp\/v2\/pages"}],"about":[{"href":"https:\/\/istacongress.com\/en\/wp-json\/wp\/v2\/types\/page"}],"author":[{"embeddable":true,"href":"https:\/\/istacongress.com\/en\/wp-json\/wp\/v2\/users\/1"}],"replies":[{"embeddable":true,"href":"https:\/\/istacongress.com\/en\/wp-json\/wp\/v2\/comments?post=11"}],"version-history":[{"count":25,"href":"https:\/\/istacongress.com\/en\/wp-json\/wp\/v2\/pages\/11\/revisions"}],"predecessor-version":[{"id":499,"href":"https:\/\/istacongress.com\/en\/wp-json\/wp\/v2\/pages\/11\/revisions\/499"}],"wp:attachment":[{"href":"https:\/\/istacongress.com\/en\/wp-json\/wp\/v2\/media?parent=11"}],"curies":[{"name":"wp","href":"https:\/\/api.w.org\/{rel}","templated":true}]}}