{"id":10,"date":"2025-02-18T13:28:00","date_gmt":"2025-02-18T13:28:00","guid":{"rendered":"http:\/\/istacongress.com\/?page_id=10"},"modified":"2025-10-01T06:37:43","modified_gmt":"2025-10-01T06:37:43","slug":"kurullar","status":"publish","type":"page","link":"https:\/\/istacongress.com\/en\/kurullar\/","title":{"rendered":"Boards"},"content":{"rendered":"<div class=\"wp-block-cover alignfull\"><span aria-hidden=\"true\" class=\"wp-block-cover__background has-nv-site-bg-background-color has-background-dim-100 has-background-dim\"><\/span><div class=\"wp-block-cover__inner-container is-layout-flow wp-block-cover-is-layout-flow\">\n<p class=\"has-text-align-center has-large-font-size\"><\/p>\n\n\n\n<p style=\"text-align: center;\"><span style=\"color: #000000;\"><strong>HONORARY PRESIDENT OF THE CONGRESS<\/strong><\/span><br \/><span style=\"color: #000000;\">Prof. Dr. H\u00fcseyin YILMAZ- Sel\u00e7uk \u00dcniversitesi Rekt\u00f6r\u00fc \u2013 T\u00fcrkiye<\/span><\/p>\n<p style=\"text-align: center;\"><span style=\"color: #000000;\"><strong>CONGRESS HONORARY BOARD<\/strong><\/span><br \/><span style=\"color: #000000;\">Prof. Dr. Ali Cengiz K\u00d6SEO\u011eLU \u2013 Ankara Y\u0131ld\u0131r\u0131m Beyaz\u0131t University Rector \u2013 T\u00fcrkiye<\/span><br \/><span style=\"color: #000000;\">Prof. Dr. Necdet BUDAK \u2013 Rector of Ege University \u2013 T\u00fcrkiye<\/span><br \/><span style=\"color: #000000;\">Prof. Dr. Mehmet GAVGALI \u2013 Karamano\u011flu Mehmetbey University Rector \u2013 T\u00fcrkiye<\/span><br \/><span style=\"color: #000000;\">Prof. Dr. Isma\u0131ljan BULANOV \u2013 Tashkent Textile And Light Industry Institute \u2013 Uzbekistan<\/span><br \/><span style=\"color: #000000;\">Prof. Dr. Lazzat SATTAROVA \u2013 Almaty Technologich University \u2013 Kazakhstan<\/span><\/p>\n<p style=\"text-align: center;\"><span style=\"color: #000000;\"><strong>CONGRESS ORGANIZING BOARD<\/strong><\/span><br \/><span style=\"color: #000000;\">Prof. Dr. A. Engin \u00d6Z\u00c7EL\u0130K \u2013 Sel\u00e7uk \u00dcniversitesi \u2013 T\u00fcrkiye<\/span><br \/><span style=\"color: #000000;\">Dr.\u00d6\u011fr.\u00dcyesi Yasemin KOPARAN \u2013 Sel\u00e7uk \u00dcniversitesi \u2013 T\u00fcrkiye<\/span><br \/><span style=\"color: #000000;\">Dr.\u00d6\u011fr.\u00dcyesi Mustafa KONUK \u2013 Karamano\u011flu Mehmetbey \u00dcniversitesi \u2013 T\u00fcrkiye<\/span><br \/><span style=\"color: #000000;\">Dr.\u00d6\u011fr.\u00dcyesi Tekin BAYRAK \u2013 Karamano\u011flu Mehmetbey \u00dcniversitesi \u2013 T\u00fcrkiye<\/span><br \/><span style=\"color: #000000;\">Dr. Mitat KANDEM\u0130R \u2013 El Sanatlar\u0131 Derne\u011fi Ba\u015fkan\u0131 \u2013 T\u00fcrkiye<\/span><\/p>\n<p style=\"text-align: center;\"><span style=\"color: #000000;\"><strong>CONGRESS INVITED SPEAKERS<\/strong><\/span> <br \/><span style=\"color: #000000;\">Yrd.Do\u00e7.Dr. D\u00fcnya \u0130sayeva &#8211; Azerbaijan State Agricultural University\u00a0&#8211;\u00a0Azerbaijan<\/span><\/p>\n<p style=\"text-align: center;\"><span style=\"color: #000000;\"><strong>CONGRESS SCIENCE ART BOARD<\/strong><\/span><br \/><span style=\"color: #000000;\">Prof. Dr. Asaf D. Zamanov \u2013 Azerbaijan State Pedagogical University \u2013 Azerbaijan<\/span><br \/><span style=\"color: #000000;\">Prof. Dr. Ayd\u0131n U\u011eURLU \u2013 Fatih Sultan Mehmet \u00dcniversitesi \u2013 T\u00fcrkiye<\/span><br \/><span style=\"color: #000000;\">Prof. Dr. Abdirasilov Sunatullah FA\u0130ZULAYEV\u0130\u00c7 \u2013 Tashkent State Pedagogical University \u2013 Uzbekistan<\/span><br \/><span style=\"color: #000000;\">Prof. Dr. Abdurrahman EK\u0130NC\u0130 \u2013 Mardin Artuklu \u00dcniversitesi \u2013 T\u00fcrkiye<\/span><br \/><span style=\"color: #000000;\">Prof. Dr. Adamkulov Nurali MEREKEBAYEV\u0130CH \u2013 Zhetysu State University \u2013 Kazakhstan<\/span><br \/><span style=\"color: #000000;\">Prof. Dr. Amirgazin Kairtai ZHAKUPOV\u0130CH \u2013 Omsk University \u2013 Russia<\/span><br \/><span style=\"color: #000000;\">Prof. Dr. Auyez Kenesbekovich BAIDABEKOV \u2013 Gumilyov Eurasian National University \u2013 Kazakhstan<\/span><br \/><span style=\"color: #000000;\">Prof. Dr. Assylkhanov YERMEK \u2013 Temirbek Zhurgenev National Academy of Arts \u2013 Kazakhstan<\/span><br \/><span style=\"color: #000000;\">Prof. Dr. Bulanov Ismailjan ABDULMOMUNOV\u0130CH \u2013 Tashkent Institute of Textile and Light Industry \u2013 Uzbekistan<\/span><br \/><span style=\"color: #000000;\">Prof. Dr. Evgeniy Ivanovich B\u0130TUS \u2013 Biotechnological University,Rosb\u0131otech \u2013 Russian<\/span><br \/><span style=\"color: #000000;\">Prof. Dr. Emine KOCA \u2013 Ankara Hac\u0131 Bayram Veli \u00dcniversitesi \u2013 T\u00fcrkiye<\/span><br \/><span style=\"color: #000000;\">Prof. Dr. Emine NAS \u2013 Sel\u00e7uk \u00dcniversitesi \u2013 T\u00fcrkiye<\/span><br \/><span style=\"color: #000000;\">Prof. Dr. Enkhtur ALTANGEREL \u2013 Mongolia State University \u2013 Mongolia<\/span><br \/><span style=\"color: #000000;\">Prof. Dr. Erlan Battashevich SYDYKOV \u2013 Eurasian National University \u2013 Kazakhstan<\/span><br \/><span style=\"color: #000000;\">Prof.Dr. Fatih BA\u015e\u00c7\u0130FT\u00c7\u0130 \u2013 Sel\u00e7uk \u00dcniversitesi \u2013 T\u00fcrkiye<\/span><br \/><span style=\"color: #000000;\">Prof. Dr. Faruk TA\u015eKALE \u2013 Mimar Sinan G\u00fczel Sanatlar \u00dcniversitesi \u2013 T\u00fcrkiye<\/span><br \/><span style=\"color: #000000;\">Prof. Dr. Fatma KO\u00c7 \u2013 Ankara Hac\u0131 Bayram Veli \u00dcniversitesi \u2013 T\u00fcrkiye<\/span><br \/><span style=\"color: #000000;\">Prof. Dr. H\u00fcseyin ARIKAN \u2013 Necmettin Erbakan \u00dcniversitesi \u2013 T\u00fcrkiye<\/span><br \/><span style=\"color: #000000;\">Prof. Dr. \u0130smail OVALI \u2013 Pamukkale \u00dcniversitesi \u2013 T\u00fcrkiye<\/span><br \/><span style=\"color: #000000;\">Prof. Dr. Kusayinov ASKARBEK \u2013 Abai Kazakh National Pedagogical University \u2013 Kazakhstan<\/span><br \/><span style=\"color: #000000;\">Prof. Dr. Kairanbekov Gabit DARMENBEKOV\u0130CH \u2013 Almaty Technologich University \u2013\u00a0Kazakhstan<\/span><br \/><span style=\"color: #000000;\">Prof. Dr. Laura Sh.KAK\u0130MOVA \u2013 Abai Kazakh National Pedagogical University \u2013 Kazakhstan<\/span><br \/><span style=\"color: #000000;\">Prof. Dr. Makhmudova Gulzhamol IMOMKULOVNA \u2013 \u00a0Peoples\u2019 Friendship University named<\/span><br \/><span style=\"color: #000000;\">after Academician A. Kuatbekov \u2013 Kazakhstan<\/span><br \/><span style=\"color: #000000;\">Prof. Dr. Myrzakanov Madvakas SEKSEMBAEV\u0130CH &#8211; Shakarim State University Semey-Kazakhstan<\/span><br \/><span style=\"color: #000000;\">Prof. Dr. Mehmet \u00d6ZKARTAL &#8211; S\u00fcleyman Demirel \u00dcniversitesi \u2013 T\u00fcrkiye<\/span><br \/><span style=\"color: #000000;\">Prof. Dr. Mirzayev Nodir BOKHOD\u0130ROV\u0130CH &#8211; Tashkent Institute of Textile and Light\u00a0Industry- Uzbekistan<\/span><br \/><span style=\"color: #000000;\">Prof. Dr. Mehmet Zeki YILDIRIM \u2013 Mehmet Akif Ersoy \u00dcniversitesi \u2013 T\u00fcrkiye<\/span><br \/><span style=\"color: #000000;\">Prof. Dr. Mansurov Mansur AL\u0130SHEROV\u0130CH &#8211; Tashkent Institute of Textile and Light\u00a0Industry- Uzbekistan<\/span><br \/><span style=\"color: #000000;\">Prof. Dr. Melda \u00d6ZDEM\u0130R &#8211; Ankara Hac\u0131 Bayram Veli \u00dcniversitesi \u2013 T\u00fcrkiye<\/span><br \/><span style=\"color: #000000;\">Prof. Dr. Mohamed El Sabry &#8211; Cairo University \u2013 Egypt<\/span><br \/><span style=\"color: #000000;\">Prof. Dr. Mustafa \u0130LBA\u015e &#8211; Gazi \u00dcniversitesi\u2013 T\u00fcrkiye<\/span><br \/><span style=\"color: #000000;\">Prof. Dr. Myrzakhanov Madvakas SEKSENBAEV\u0130CH \u2013 Shakarim Semey University \u2013Kazakhstan<\/span><br \/><span style=\"color: #000000;\">Prof. Dr. N. Rengin OYMAN \u2013 S\u00fcleyman Demirel \u00dcniversitesi \u2013 T\u00fcrkiye<\/span><br \/><span style=\"color: #000000;\">Prof. Dr. N. Semen ERS\u00d6Z UZAR \u2013 Sel\u00e7uk \u00dcniversitesi \u2013 T\u00fcrkiye<\/span><br \/><span style=\"color: #000000;\">Prof. Dr. Nurtaev Urinbay &#8211; Nizami Tashkent State Pedagogical University \u2013 Uzbekistan<\/span><br \/><span style=\"color: #000000;\">Prof. Dr. Nurettin DO\u011eAN -Sel\u00e7uk \u00dcniversitesi\u2013 T\u00fcrkiye<\/span><br \/><span style=\"color: #000000;\">Prof. Dr. Nureddin G\u00dcLA\u00c7T I- K\u00fctahya Dumlup\u0131nar \u00dcniversitesi \u2013 T\u00fcrkiye<\/span><br \/><span style=\"color: #000000;\">Prof. Dr. Onal Tokkulovna ABISHEVA \u2013 Abay Kazakh National Pedagogical University-Kazakhstan<\/span><br \/><span style=\"color: #000000;\">Prof. Dr. Ospanov Baymurat ERMAGAMBETOV\u0130CH &#8211; International University Astana-Kazakhstan<\/span><br \/><span style=\"color: #000000;\">Prof. Dr. P\u0131nar \u00c7EL\u0130K &#8211; Ege \u00dcniversitesi\u2013 T\u00fcrkiye<\/span><br \/><span style=\"color: #000000;\">Prof. Dr. Refik POLAT- Manas University\u2013 Kyrgyzstan<\/span><br \/><span style=\"color: #000000;\">Prof. Dr. R\u0131dvan Arslan &#8211; Bursa Uluda\u011f \u00dcniversitesi\u2013 T\u00fcrkiye<\/span><br \/><span style=\"color: #000000;\">Prof. Dr. Rafikov Adham SAL\u0130MOV\u0130CH &#8211; Tashkent Institute of Textile and Light Industry-Uzbekistan<\/span><br \/><span style=\"color: #000000;\">Prof. Dr. Subhan Namazov &#8211; Azerbaijan Technical University &#8211; Azerbaijan<\/span><br \/><span style=\"color: #000000;\">Prof. Dr. Samuratova Tatigul KAKENOVNA &#8211; L.N.Gumileva Eurasian University \u2013Kazakhstan<\/span><br \/><span style=\"color: #000000;\">Prof. Dr. Smanova Akmaral SMA\u0130LOVNA &#8211; Abai Kazakh National Pedagogical University-Kazakhstan<\/span><br \/><span style=\"color: #000000;\">Prof. Tashpulatov Salikh SHUKUROV\u0130CH &#8211; Tashkent Institute of Textile and Light Industry-Uzbekistan<\/span><br \/><span style=\"color: #000000;\">Prof. Dr. Yasemin \u00d6ztekin &#8211; Sel\u00e7uk \u00dcniversitesi\u2013 T\u00fcrkiye<\/span><br \/><span style=\"color: #000000;\">Do\u00e7. Dr. Ali Ertu\u011frul K\u00dcPEL\u0130 &#8211; Gazi \u00dcniversitesi \u2013 T\u00fcrkiye<\/span><br \/><span style=\"color: #000000;\">Do\u00e7. Dr. Arma\u011fan G\u00dcLE\u00c7 KORUMAZ &#8211; Konya Teknik \u00dcniversitesi \u2013 T\u00fcrkiye<\/span><br \/><span style=\"color: #000000;\">Do\u00e7. Dr. Arzu YAZGI &#8211; Ege \u00dcniversitesi \u2013 T\u00fcrkiye<\/span><br \/><span style=\"color: #000000;\">Do\u00e7. Dr. As\u0131m TOPAKLI \u2013 Sakarya Uygulamal\u0131 Bilimler \u00dcniversitesi \u2013 T\u00fcrkiye<\/span><br \/><span style=\"color: #000000;\">Associate Prof. Dzholdoshova A\u0130NURA, Kyrgyz State Technical University Razzakov-Kyrgyz<\/span><br \/><span style=\"color: #000000;\">Do\u00e7. Dr. Dalia KARATAJ\u0130ENE \u2013 Vilniaus \u00dcniversitesi- Litvanya<\/span><br \/><span style=\"color: #000000;\">Dr. \u00d6\u011fr. \u00dcye. D\u00fcnya \u0130SAYEVA &#8211; Azerbaycan Devlet Tar\u0131m \u00dcniversitesi- Azerbaycan<\/span><br \/><span style=\"color: #000000;\">Do\u00e7. Dr. Erdal \u00dcNSAL \u2013 Afyon Kocatepe \u00dcniversitesi \u2013 T\u00fcrkiye<\/span><br \/><span style=\"color: #000000;\">Do\u00e7. Ezieva Zuhra MUHTAROVNA- North Caucasia State Humanitarian Technological\u00a0University \u2013 Russian<\/span><br \/><span style=\"color: #000000;\">Do\u00e7. Dr. Ebru BOZACI &#8211; Ege \u00dcniversitesi\u2013 T\u00fcrkiye<\/span><br \/><span style=\"color: #000000;\">Do\u00e7. Dr. Haz\u0131m Serkan TEN\u0130KEC\u0130ER -Tekirda\u011f Nam\u0131k Kemal \u00dcniversitesi \u2013 T\u00fcrkiye<\/span><br \/><span style=\"color: #000000;\">Do\u00e7. Dr. H\u00fcseyin G\u00dcND\u00dcZ \u2013 Mimar Sinan G\u00fczel Sanatlar \u00dcniversitesi \u2013 T\u00fcrkiye<\/span><br \/><span style=\"color: #000000;\">Do\u00e7. Dr. \u0130smail TANTAWY- Minia \u00dcniversitesi \u2013 Egypt<\/span><br \/><span style=\"color: #000000;\">Do\u00e7. Dr. Kazimir ESEKKUEV &#8211; \u00c7erkes Devlet \u00dcniversitesi- Russian<\/span><br \/><span style=\"color: #000000;\">Do\u00e7. Dr. M. Akif HA\u015eILO\u011eLU &#8211; \u0130brahim \u00c7e\u00e7en \u00dcniversitesi \u2013 T\u00fcrkiye<\/span><br \/><span style=\"color: #000000;\">Do\u00e7. Dr. Madina TEBUEVA &#8211; Kuzey Kafkasya \u00dcniversitesi- Russian<\/span><br \/><span style=\"color: #000000;\">Do\u00e7. Dr. Muazzez C\u00d6MERT ACAR &#8211; Ege \u00dcniversitesi \u2013 T\u00fcrkiye<\/span><br \/><span style=\"color: #000000;\">Do\u00e7. Dr. Muhammet Serdar BA\u015e\u00c7IL &#8211; Sel\u00e7uk \u00dcniversitesi \u2013 T\u00fcrkiye<\/span><br \/><span style=\"color: #000000;\">Do\u00e7. Dr. Murat \u00d6Z \u2013 Karamano\u011flu Mehmetbey \u00dcniversitesi \u2013 T\u00fcrkiye<\/span><br \/><span style=\"color: #000000;\">Do\u00e7. Dr. Muzalifa URUSOVA &#8211; Kuzey Kafkasya \u00dcniversitesi- Russian<\/span><br \/><span style=\"color: #000000;\">Do\u00e7. Dr. Nam\u0131k Kemal ERDEM\u0130R \u2013 Karamano\u011flu Mehmetbey \u00dcniversitesi \u2013 T\u00fcrkiye<\/span><br \/><span style=\"color: #000000;\">Do\u00e7. Dr. Namsrai GERELMA &#8211; Mongolia State University \u2013 Mongolia<\/span><br \/><span style=\"color: #000000;\">Do\u00e7. Dr. Nesrin YE\u015e\u0130LMEN \u2013 Mardin Artuklu \u00dcniversitesi \u2013 T\u00fcrkiye<\/span><br \/><span style=\"color: #000000;\">Do\u00e7. Dr. Nil\u00fcfer OKUR AK\u00c7AY- \u0130brahim \u00c7e\u00e7en \u00dcniversitesi \u2013 T\u00fcrkiye<\/span><br \/><span style=\"color: #000000;\">Associate Prof. Shukhrat Sadullayev\u0131ch REYIMBAEV &#8211; Tashkent International University of<\/span><br \/><span style=\"color: #000000;\">Financial Management and Technology- Uzbekistan<\/span><br \/><span style=\"color: #000000;\">Associate Prof. Sarttarova Lazzat TURGUNBEKOVNA &#8211; Almaty Technological University &#8211;\u00a0Kazakhstan<\/span><br \/><span style=\"color: #000000;\">Do\u00e7. Dr. Servet Senem U\u011eURLU &#8211; Mimar Sinan G\u00fczel Sanatlar \u00dcniversitesi \u2013 T\u00fcrkiye<\/span><br \/><span style=\"color: #000000;\">Do\u00e7. Dr. Tulanova Dilnoza ZHURAKHANOVNA &#8211; Nizami Ta\u015fkent Devlet Pedagoji\u00a0\u00dcniversitesi \u2013 Uzbekistan<\/span><br \/><span style=\"color: #000000;\">Do\u00e7. Dr. Umbulbanu HAM\u0130DOVA \u2013 Atat\u00fcrk \u00dcniversitesi \u2013 T\u00fcrkiye<\/span><br \/><span style=\"color: #000000;\">Do\u00e7. Dr. Ur\u0131nbay NURTAEV- Nizami Ta\u015fkent Devlet Pedagoji \u00dcniversitesi- Uzbekistan<\/span><br \/><span style=\"color: #000000;\">Do\u00e7. Dr. Vildan BA\u011eCI &#8211; Hac\u0131 Bayram Veli \u00dcniversitesi \u2013 T\u00fcrkiye<\/span><br \/><span style=\"color: #000000;\">Do\u00e7. Dr. Yasin Ramazan EKER &#8211; Necmettin Erbakan \u00dcniversitesi \u2013 T\u00fcrkiye<\/span><br \/><span style=\"color: #000000;\">Dr. Walid JAH\u0130N- \u00a0Alexandria University- Egypt<\/span><br \/><span style=\"color: #000000;\">Dr. \u00d6\u011fr. \u00dcyesi B\u00fclent BUDAK &#8211; \u00a0Ege \u00dcniversitesi &#8211; T\u00fcrkiye<\/span><br \/><span style=\"color: #000000;\">Dr. \u00d6\u011fr. \u00dcyesi Nur KO\u00c7 KOYUN &#8211; Sel\u00e7uk \u00dcniversitesi &#8211; T\u00fcrkiye<\/span><br \/><span style=\"color: #000000;\">Dr. Fatma ATLI &#8211; Ege \u00dcniversitesi &#8211; T\u00fcrkiye<\/span><br \/><span style=\"color: #000000;\">Dr. Anorboeva Bakhtijamol DAN\u0130YAR &#8211; Tashkent International University of Financial &#8211; Uzbekistan <\/span><br \/><span style=\"color: #000000;\">Management and Technology &#8211; Uzbekistan<\/span><br \/><span style=\"color: #000000;\">Dr. Kuchkarbaev Rustam UTKUROV\u0130CH &#8211; Tashkent Institute of Architecture and Civil\u00a0Engineering- Uzbekistan<\/span><br \/><span style=\"color: #000000;\">Dr. Mukimov Bakhadyr MEROYUBOV\u0130CH &#8211; Tashkent Institute of Textile and Light Industry-\u00a0Uzbekistan<\/span><\/p>\n<p style=\"text-align: center;\"><span style=\"color: #000000;\"><strong>CONGRESS ORGANIZING COMMITTEE<\/strong><\/span><\/p>\n<p><span style=\"color: #000000;\">Prof. Dr. A. Engin \u00d6Z\u00c7EL\u0130K- Sel\u00e7uk \u00dcniversitesi \u2013 T\u00fcrkiye<\/span><br \/><br \/><span style=\"color: #000000;\">Prof. Dr. G\u00fclcan DEM\u0130RO\u011eLU TOP\u00c7U &#8211; Ege \u00dcniversitesi \u2013 T\u00fcrkiye<\/span><br \/><br \/><span style=\"color: #000000;\">Do\u00e7. Dr. As\u0131m TOPAKLI \u2013 Sakarya Uygulamal\u0131 Bilimler \u00dcniversitesi \u2013 T\u00fcrkiye<\/span><\/p>\n<p><span style=\"color: #000000;\">Do\u00e7. Dr. Ali B\u0130LG\u0130\u00c7 &#8211; \u00a0Karamano\u011flu Mehmetbey \u00dcniversitesi- T\u00fcrkiye<\/span><\/p>\n<p><span style=\"color: #000000;\">Do\u00e7. Dr. M. Turan DEM\u0130RC\u0130 &#8211; Sel\u00e7uk \u00dcniversitesi \u2013 T\u00fcrkiye <\/span><br \/><br \/><span style=\"text-align: center; color: #000000;\">Dr. \u00d6\u011fr. \u00dcyesi \u0130brahim DEM\u0130RC\u0130 &#8211; Sel\u00e7uk \u00dcniversitesi \u2013 T\u00fcrkiye <br \/>Dr. \u00d6\u011fr. \u00dcyesi Yasemin KOPARAN \u2013 Sel\u00e7uk \u00dcniversitesi \u2013 T\u00fcrkiye <br \/>Dr. \u00d6\u011fr. \u00dcyesi Zehra PALA \u2013 Kocaeli \u00dcniversitesi \u2013 T\u00fcrkiye<br \/>Dr. Mitat KANDEM\u0130R \u2013 Sel\u00e7uk \u00dcniversitesi \u2013 T\u00fcrkiye<br \/>\u00d6\u011fr. G\u00f6r. Emel \u00c7ENET- Yozgat Bozok \u00dcniversitesi \u2013 T\u00fcrkiye<br \/>\u00d6\u011fr.G\u00f6r. Tuba KALDIRIM \u2013 Ankara Y\u0131ld\u0131r\u0131m Beyaz\u0131t \u00dcniversitesi \u2013 T\u00fcrkiye<\/span><br \/><span style=\"color: #000000;\">Ar\u015f. G\u00f6r. Emine Odaba\u015f\u0131 &#8211; Ankara Hac\u0131 Bayram Veli\u00a0\u00dcniversitesi &#8211; Ankara<\/span><\/p>\n<p style=\"text-align: center;\"><span style=\"color: #000000;\"><strong>CONGRESS SECRETARIAT<\/strong><\/span><br \/><span style=\"color: #000000;\">\u00d6\u011fr.G\u00f6r Buse SERGEK \u2013 Ba\u015fkent \u00dcniversitesi &#8211; Ankara<\/span><\/p>\n<\/div><\/div>\n\n\n\n<p><\/p>","protected":false},"excerpt":{"rendered":"","protected":false},"author":1,"featured_media":0,"parent":0,"menu_order":0,"comment_status":"closed","ping_status":"closed","template":"","meta":{"neve_meta_sidebar":"","neve_meta_container":"","neve_meta_enable_content_width":"on","neve_meta_content_width":100,"neve_meta_title_alignment":"","neve_meta_author_avatar":"","neve_post_elements_order":"","neve_meta_disable_header":"","neve_meta_disable_footer":"","neve_meta_disable_title":"on","footnotes":""},"class_list":["post-10","page","type-page","status-publish","hentry"],"_links":{"self":[{"href":"https:\/\/istacongress.com\/en\/wp-json\/wp\/v2\/pages\/10","targetHints":{"allow":["GET"]}}],"collection":[{"href":"https:\/\/istacongress.com\/en\/wp-json\/wp\/v2\/pages"}],"about":[{"href":"https:\/\/istacongress.com\/en\/wp-json\/wp\/v2\/types\/page"}],"author":[{"embeddable":true,"href":"https:\/\/istacongress.com\/en\/wp-json\/wp\/v2\/users\/1"}],"replies":[{"embeddable":true,"href":"https:\/\/istacongress.com\/en\/wp-json\/wp\/v2\/comments?post=10"}],"version-history":[{"count":67,"href":"https:\/\/istacongress.com\/en\/wp-json\/wp\/v2\/pages\/10\/revisions"}],"predecessor-version":[{"id":518,"href":"https:\/\/istacongress.com\/en\/wp-json\/wp\/v2\/pages\/10\/revisions\/518"}],"wp:attachment":[{"href":"https:\/\/istacongress.com\/en\/wp-json\/wp\/v2\/media?parent=10"}],"curies":[{"name":"wp","href":"https:\/\/api.w.org\/{rel}","templated":true}]}}